{"id":6117,"date":"2024-06-22T20:50:41","date_gmt":"2024-06-22T18:50:41","guid":{"rendered":"https:\/\/www.spectar.pl\/?page_id=6117"},"modified":"2024-06-23T21:40:07","modified_gmt":"2024-06-23T19:40:07","slug":"mapa","status":"publish","type":"page","link":"https:\/\/www.spectar.pl\/en\/gra\/mapa\/","title":{"rendered":"Mapa"},"content":{"rendered":"<div data-elementor-type=\"wp-page\" data-elementor-id=\"6117\" class=\"elementor elementor-6117\" data-elementor-post-type=\"page\">\n\t\t\t\t\t\t\t<div class=\"elementor-element elementor-element-7e19c25 e-flex e-con-boxed e-con e-parent\" data-id=\"7e19c25\" data-element_type=\"container\" data-settings=\"{&quot;container_type&quot;:&quot;flex&quot;,&quot;content_width&quot;:&quot;boxed&quot;}\" data-core-v316-plus=\"true\">\n\t\t\t\t\t<div class=\"e-con-inner\">\n\t\t\t\t<div class=\"elementor-element elementor-element-e91120f elementor-widget elementor-widget-html\" data-id=\"e91120f\" data-element_type=\"widget\" data-widget_type=\"html.default\">\n\t\t\t\t<div class=\"elementor-widget-container\">\n\t\t\t<!DOCTYPE html>\n<html lang=\"pl\">\n<head>\n    <meta charset=\"UTF-8\">\n    <meta name=\"viewport\" content=\"width=device-width, initial-scale=1.0\">\n    <title>Mapa misji<\/title>\n    <link rel=\"stylesheet\" href=\"https:\/\/fonts.googleapis.com\/css2?family=Poppins:wght@400;700&display=swap\">\n    <style>\n        body {\n            height: 100%;\n            margin: 0;\n            padding: 0;\n            font-family: 'Poppins', sans-serif;\n            color: white;\n            text-shadow: 1px 1px 2px black;\n            background: url('') no-repeat center center fixed;\n            background-size: cover;\n        }\n\n        #map-container {\n            width: 100%;\n            height: 100vh;\n            display: flex;\n            flex-direction: column;\n            align-items: center;\n            justify-content: center;\n            text-align: center;\n            background-color: rgba(0, 0, 0, 0.5);\n            padding: 20px;\n            box-sizing: border-box;\n        }\n\n        h1 {\n            margin: 0 0 20px 0;\n            font-size: 2em;\n            font-weight: bold;\n        }\n\n        #map {\n            position: relative;\n            width: 100%;\n            max-width: 1200px;\n            height: auto;\n            margin: 0 auto;\n        }\n\n        .mission-button {\n            cursor: pointer;\n            padding: 10px;\n            margin: 5px;\n            border-radius: 20px;\n            background-color: rgba(255, 255, 255, 0.9);\n            transition: background-color 0.3s ease;\n            color: black;\n            font-weight: bold;\n        }\n\n        .mission-button:hover {\n            background-color: rgba(255, 255, 255, 1);\n        }\n\n        .mission-point {\n            position: absolute;\n            background-color: rgba(255, 255, 255, 0.9);\n            padding: 5px;\n            border-radius: 10px;\n            cursor: pointer;\n            transition: background-color 0.3s ease;\n            color: black;\n            font-weight: bold;\n            text-align: center;\n        }\n\n        .mission-point:hover {\n            background-color: rgba(255, 255, 255, 1);\n        }\n\n        .mission-point-1 {\n            top: 30%;\n            left: 40%;\n        }\n\n        .mission-point-2 {\n            top: 50%;\n            left: 60%;\n        }\n\n        .mission-point-3 {\n            top: 70%;\n            left: 20%;\n        }\n\n        .mission-point-4 {\n            top: 40%;\n            left: 70%;\n        }\n\n        .mission-point-5 {\n            top: 60%;\n            left: 50%;\n        }\n\n        .mission-point-6 {\n            top: 80%;\n            left: 30%;\n        }\n\n        #special-mission-container {\n            margin-top: 20px;\n            display: flex;\n            flex-direction: column;\n            align-items: center;\n        }\n\n        #password-input {\n            padding: 10px;\n            border-radius: 10px;\n            border: none;\n            margin-bottom: 10px;\n            font-size: 1em;\n        }\n\n        #unlock-button {\n            padding: 10px 20px;\n            border-radius: 10px;\n            border: none;\n            cursor: pointer;\n            background-color: rgba(255, 255, 255, 0.9);\n            font-size: 1em;\n            font-weight: bold;\n            color: black;\n            transition: background-color 0.3s ease;\n        }\n\n        #unlock-button:hover {\n            background-color: rgba(255, 255, 255, 1);\n        }\n\n        @media (max-width: 768px) {\n            h1 {\n                font-size: 1.5em;\n            }\n\n            .mission-point {\n                padding: 8px;\n                font-size: 14px;\n            }\n\n            #password-input, #unlock-button {\n                font-size: 0.9em;\n                padding: 8px;\n            }\n        }\n    <\/style>\n<\/head>\n<body>\n    <div id=\"map-container\">\n        <h1>Mapa misji<\/h1>\n        <div id=\"map\">\n            <img decoding=\"async\" src=\"https:\/\/www.spectar.pl\/wp-content\/uploads\/2024\/06\/mapa.webp\" alt=\"Mapa\" style=\"width: 70%; height: auto;\">\n            <div class=\"mission-point mission-point-1\" onclick=\"window.location.href='https:\/\/www.spectar.pl\/gra\/ratunek-w-zoo\/'\">Ratunek w ZOO<\/div>\n            <div class=\"mission-point mission-point-2\" onclick=\"window.location.href='https:\/\/www.spectar.pl\/gra\/chalka\/'\">Smutna Cha\u0142ka<\/div>\n            <div class=\"mission-point mission-point-3\" onclick=\"window.location.href='https:\/\/www.spectar.pl\/gra\/praga\/'\">Z\u0142o\u015bliwa Praga<\/div>\n            <div class=\"mission-point mission-point-4\" onclick=\"window.location.href='https:\/\/www.spectar.pl\/gra\/nora\/'\">Ranna Nora<\/div>\n            <div class=\"mission-point mission-point-5\" onclick=\"unlockSpecialMission()\">Misja specjalna<\/div>\n            <div class=\"mission-point mission-point-6\" onclick=\"window.location.href='https:\/\/www.spectar.pl\/lizus'\">G\u0142odny Lizu\u015b<\/div>\n        <\/div>\n        <div id=\"special-mission-container\" style=\"display: none;\">\n            <input type=\"password\" id=\"password-input\" placeholder=\"Wpisz has\u0142o\">\n            <button id=\"unlock-button\" onclick=\"checkPassword()\">Odkryj misj\u0119 specjaln\u0105<\/button>\n        <\/div>\n    <\/div>\n\n    <script>\n        function unlockSpecialMission() {\n            document.getElementById('special-mission-container').style.display = 'flex';\n        }\n\n        function checkPassword() {\n            const password = document.getElementById('password-input').value;\n            if (password === 'TATA') {\n                window.location.href = 'https:\/\/www.spectar.pl\/gra\/tata';\n            } else {\n                alert('Nieprawid\u0142owe has\u0142o');\n            }\n        }\n    <\/script>\n<\/body>\n<\/html>\n\t\t<\/div>\n\t\t\t\t<\/div>\n\t\t\t\t\t<\/div>\n\t\t\t\t<\/div>\n\t\t\t\t\t\t\t<\/div>","protected":false},"excerpt":{"rendered":"<p>Mapa misji Mapa misji Ratunek w ZOO Smutna Cha\u0142ka Z\u0142o\u015bliwa Praga Ranna Nora Misja specjalna G\u0142odny Lizu\u015b Odkryj misj\u0119 specjaln\u0105<\/p>","protected":false},"author":2,"featured_media":0,"parent":6077,"menu_order":0,"comment_status":"closed","ping_status":"closed","template":"elementor_canvas","meta":{"footnotes":""},"acf":[],"_links":{"self":[{"href":"https:\/\/www.spectar.pl\/en\/wp-json\/wp\/v2\/pages\/6117"}],"collection":[{"href":"https:\/\/www.spectar.pl\/en\/wp-json\/wp\/v2\/pages"}],"about":[{"href":"https:\/\/www.spectar.pl\/en\/wp-json\/wp\/v2\/types\/page"}],"author":[{"embeddable":true,"href":"https:\/\/www.spectar.pl\/en\/wp-json\/wp\/v2\/users\/2"}],"replies":[{"embeddable":true,"href":"https:\/\/www.spectar.pl\/en\/wp-json\/wp\/v2\/comments?post=6117"}],"version-history":[{"count":19,"href":"https:\/\/www.spectar.pl\/en\/wp-json\/wp\/v2\/pages\/6117\/revisions"}],"predecessor-version":[{"id":6379,"href":"https:\/\/www.spectar.pl\/en\/wp-json\/wp\/v2\/pages\/6117\/revisions\/6379"}],"up":[{"embeddable":true,"href":"https:\/\/www.spectar.pl\/en\/wp-json\/wp\/v2\/pages\/6077"}],"wp:attachment":[{"href":"https:\/\/www.spectar.pl\/en\/wp-json\/wp\/v2\/media?parent=6117"}],"curies":[{"name":"wp","href":"https:\/\/api.w.org\/{rel}","templated":true}]}}